{"id":10309,"date":"2025-12-26T12:55:11","date_gmt":"2025-12-26T12:55:11","guid":{"rendered":"https:\/\/www.regionglobal.com\/?page_id=10309"},"modified":"2026-02-28T20:05:36","modified_gmt":"2026-02-28T20:05:36","slug":"autodiagnostico-b2b","status":"publish","type":"page","link":"https:\/\/www.onglobal.io\/ar\/autodiagnostico-b2b\/","title":{"rendered":"Autodiagn\u00f3stico B2B"},"content":{"rendered":"\t\t<div data-elementor-type=\"wp-page\" data-elementor-id=\"10309\" class=\"elementor elementor-10309\" data-elementor-post-type=\"page\">\n\t\t\t\t<div class=\"elementor-element elementor-element-f14d53a e-flex e-con-boxed e-con e-parent\" data-id=\"f14d53a\" data-element_type=\"container\" data-e-type=\"container\" data-settings=\"{&quot;background_background&quot;:&quot;classic&quot;}\">\n\t\t\t\t\t<div class=\"e-con-inner\">\n\t\t<div class=\"elementor-element elementor-element-91d70c3 e-con-full e-flex e-con e-child\" data-id=\"91d70c3\" data-element_type=\"container\" data-e-type=\"container\">\n\t\t\t\t<div class=\"elementor-element elementor-element-6d3b19a elementor-widget elementor-widget-text-editor\" data-id=\"6d3b19a\" data-element_type=\"widget\" data-e-type=\"widget\" data-widget_type=\"text-editor.default\">\n\t\t\t\t<div class=\"elementor-widget-container\">\n\t\t\t\t\t\t\t\t\t<div class=\"elementor-element elementor-element-6d3b19a elementor-widget elementor-widget-text-editor\" data-id=\"6d3b19a\" data-element_type=\"widget\" data-e-type=\"widget\" data-widget_type=\"text-editor.default\"><div class=\"elementor-widget-container\"><p>\u00bfEst\u00e1s perdiendo ventas frente a tu competencia digital?<\/p><\/div><\/div>\t\t\t\t\t\t\t\t<\/div>\n\t\t\t\t<\/div>\n\t\t\t\t<div class=\"elementor-element elementor-element-33519aa elementor-widget-mobile__width-initial elementor-widget elementor-widget-text-editor\" data-id=\"33519aa\" data-element_type=\"widget\" data-e-type=\"widget\" data-widget_type=\"text-editor.default\">\n\t\t\t\t<div class=\"elementor-widget-container\">\n\t\t\t\t\t\t\t\t\t<p class=\"font-claude-response-body break-words whitespace-normal leading-[1.7]\">Descubr\u00ed en 3 minutos c\u00f3mo est\u00e1 tu empresa respecto a otras de tu sector \u2014 y qu\u00e9 ten\u00e9s que hacer primero para no quedarte atr\u00e1s.<\/p><p class=\"font-claude-response-body break-words whitespace-pre-wrap leading-[1.7]\">\u2713 Ves c\u00f3mo est\u00e1s comparado con empresas como la tuya<br \/>\u2713 Recib\u00eds los pasos concretos para mejorar tu canal de ventas<br \/>\u2713 Obten\u00e9s el resultado en el momento<\/p>\t\t\t\t\t\t\t\t<\/div>\n\t\t\t\t<\/div>\n\t\t\t\t<\/div>\n\t\t<div class=\"elementor-element elementor-element-4bd2e7e e-con-full elementor-hidden-desktop elementor-hidden-tablet elementor-hidden-mobile e-flex e-con e-child\" data-id=\"4bd2e7e\" data-element_type=\"container\" data-e-type=\"container\">\n\t\t\t\t<\/div>\n\t\t\t\t\t<\/div>\n\t\t\t\t<\/div>\n\t\t<div class=\"elementor-element elementor-element-d67ac9d e-flex e-con-boxed e-con e-parent\" data-id=\"d67ac9d\" data-element_type=\"container\" data-e-type=\"container\" data-settings=\"{&quot;background_background&quot;:&quot;classic&quot;}\">\n\t\t\t\t\t<div class=\"e-con-inner\">\n\t\t<div class=\"elementor-element elementor-element-0942a7a e-con-full e-flex e-con e-child\" data-id=\"0942a7a\" data-element_type=\"container\" data-e-type=\"container\">\n\t\t\t\t<div class=\"elementor-element elementor-element-1f3c84a elementor-widget elementor-widget-shortcode\" data-id=\"1f3c84a\" data-element_type=\"widget\" data-e-type=\"widget\" data-widget_type=\"shortcode.default\">\n\t\t\t\t<div class=\"elementor-widget-container\">\n\t\t\t\t\t\t\t<div class=\"elementor-shortcode\">        <div class=\"rg-autodiag-wrapper\">\n            <div id=\"rg-autodiag-app\" class=\"rg-autodiag-app\">\n                <div class=\"rg-autodiag-loader\">Cargando formulario...<\/div>\n            <\/div>\n            <noscript>Este formulario requiere JavaScript habilitado.<\/noscript>\n        <\/div>\n        <\/div>\n\t\t\t\t\t\t<\/div>\n\t\t\t\t<\/div>\n\t\t\t\t<\/div>\n\t\t\t\t\t<\/div>\n\t\t\t\t<\/div>\n\t\t\t\t<\/div>\n\t\t","protected":false},"excerpt":{"rendered":"<p>\u00bfEst\u00e1s perdiendo ventas frente a tu competencia digital? Descubr\u00ed en 3 minutos c\u00f3mo est\u00e1 tu empresa respecto a otras de tu sector \u2014 y qu\u00e9 ten\u00e9s que hacer primero para no quedarte atr\u00e1s. \u2713 Ves c\u00f3mo est\u00e1s comparado con empresas como la tuya\u2713 Recib\u00eds los pasos concretos para mejorar tu canal de ventas\u2713 Obten\u00e9s el [&hellip;]<\/p>\n","protected":false},"author":1,"featured_media":0,"parent":0,"menu_order":0,"comment_status":"closed","ping_status":"closed","template":"","meta":{"_acf_changed":false,"footnotes":""},"class_list":["post-10309","page","type-page","status-publish","hentry"],"acf":[],"yoast_head":"<!-- This site is optimized with the Yoast SEO plugin v27.4 - https:\/\/yoast.com\/product\/yoast-seo-wordpress\/ -->\n<title>Autodiagn\u00f3stico B2B - onGlobal Argentina | Turn Your Commerce ON<\/title>\n<meta name=\"description\" content=\"Autodiagn\u00f3stico B2B\" \/>\n<meta name=\"robots\" content=\"index, follow, max-snippet:-1, max-image-preview:large, max-video-preview:-1\" \/>\n<link rel=\"canonical\" href=\"https:\/\/www.onglobal.io\/ar\/autodiagnostico-b2b\/\" \/>\n<meta property=\"og:locale\" content=\"es_ES\" \/>\n<meta property=\"og:type\" content=\"article\" \/>\n<meta property=\"og:title\" content=\"Autodiagn\u00f3stico B2B - onGlobal Argentina | Turn Your Commerce ON\" \/>\n<meta property=\"og:description\" content=\"Autodiagn\u00f3stico B2B\" \/>\n<meta property=\"og:url\" content=\"https:\/\/www.onglobal.io\/ar\/autodiagnostico-b2b\/\" \/>\n<meta property=\"og:site_name\" content=\"onGlobal Argentina | Turn Your Commerce ON\" \/>\n<meta property=\"article:modified_time\" content=\"2026-02-28T20:05:36+00:00\" \/>\n<meta name=\"twitter:card\" content=\"summary_large_image\" \/>\n<meta name=\"twitter:label1\" content=\"Tiempo de lectura\" \/>\n\t<meta name=\"twitter:data1\" content=\"1 minuto\" \/>\n<script type=\"application\/ld+json\" class=\"yoast-schema-graph\">{\"@context\":\"https:\\\/\\\/schema.org\",\"@graph\":[{\"@type\":\"WebPage\",\"@id\":\"https:\\\/\\\/www.onglobal.io\\\/ar\\\/autodiagnostico-b2b\\\/\",\"url\":\"https:\\\/\\\/www.onglobal.io\\\/ar\\\/autodiagnostico-b2b\\\/\",\"name\":\"Autodiagn\u00f3stico B2B - onGlobal Argentina | Turn Your Commerce ON\",\"isPartOf\":{\"@id\":\"https:\\\/\\\/www.onglobal.io\\\/ar\\\/#website\"},\"datePublished\":\"2025-12-26T12:55:11+00:00\",\"dateModified\":\"2026-02-28T20:05:36+00:00\",\"description\":\"Autodiagn\u00f3stico B2B\",\"breadcrumb\":{\"@id\":\"https:\\\/\\\/www.onglobal.io\\\/ar\\\/autodiagnostico-b2b\\\/#breadcrumb\"},\"inLanguage\":\"es-AR\",\"potentialAction\":[{\"@type\":\"ReadAction\",\"target\":[\"https:\\\/\\\/www.onglobal.io\\\/ar\\\/autodiagnostico-b2b\\\/\"]}]},{\"@type\":\"BreadcrumbList\",\"@id\":\"https:\\\/\\\/www.onglobal.io\\\/ar\\\/autodiagnostico-b2b\\\/#breadcrumb\",\"itemListElement\":[{\"@type\":\"ListItem\",\"position\":1,\"name\":\"Home\",\"item\":\"https:\\\/\\\/www.onglobal.io\\\/ar\\\/\"},{\"@type\":\"ListItem\",\"position\":2,\"name\":\"Autodiagn\u00f3stico B2B\"}]},{\"@type\":\"WebSite\",\"@id\":\"https:\\\/\\\/www.onglobal.io\\\/ar\\\/#website\",\"url\":\"https:\\\/\\\/www.onglobal.io\\\/ar\\\/\",\"name\":\"onGlobal Argentina | Turn Your Commerce ON\",\"description\":\"Creamos soluciones de comercio electr\u00f3nico con tecnolog\u00edas abiertas y seguras, integradas a tu negocio y listas para evolucionar.\",\"publisher\":{\"@id\":\"https:\\\/\\\/www.onglobal.io\\\/ar\\\/#organization\"},\"potentialAction\":[{\"@type\":\"SearchAction\",\"target\":{\"@type\":\"EntryPoint\",\"urlTemplate\":\"https:\\\/\\\/www.onglobal.io\\\/ar\\\/?s={search_term_string}\"},\"query-input\":{\"@type\":\"PropertyValueSpecification\",\"valueRequired\":true,\"valueName\":\"search_term_string\"}}],\"inLanguage\":\"es-AR\"},{\"@type\":\"Organization\",\"@id\":\"https:\\\/\\\/www.onglobal.io\\\/ar\\\/#organization\",\"name\":\"onGlobal Argentina | Turn Your Commerce ON\",\"url\":\"https:\\\/\\\/www.onglobal.io\\\/ar\\\/\",\"logo\":{\"@type\":\"ImageObject\",\"inLanguage\":\"es-AR\",\"@id\":\"https:\\\/\\\/www.onglobal.io\\\/ar\\\/#\\\/schema\\\/logo\\\/image\\\/\",\"url\":\"https:\\\/\\\/www.onglobal.io\\\/ar\\\/wp-content\\\/uploads\\\/sites\\\/6\\\/2025\\\/06\\\/OnGlobal_logo3.svg\",\"contentUrl\":\"https:\\\/\\\/www.onglobal.io\\\/ar\\\/wp-content\\\/uploads\\\/sites\\\/6\\\/2025\\\/06\\\/OnGlobal_logo3.svg\",\"caption\":\"onGlobal Argentina | Turn Your Commerce ON\"},\"image\":{\"@id\":\"https:\\\/\\\/www.onglobal.io\\\/ar\\\/#\\\/schema\\\/logo\\\/image\\\/\"}}]}<\/script>\n<!-- \/ Yoast SEO plugin. -->","yoast_head_json":{"title":"Autodiagn\u00f3stico B2B - onGlobal Argentina | Turn Your Commerce ON","description":"Autodiagn\u00f3stico B2B","robots":{"index":"index","follow":"follow","max-snippet":"max-snippet:-1","max-image-preview":"max-image-preview:large","max-video-preview":"max-video-preview:-1"},"canonical":"https:\/\/www.onglobal.io\/ar\/autodiagnostico-b2b\/","og_locale":"es_ES","og_type":"article","og_title":"Autodiagn\u00f3stico B2B - onGlobal Argentina | Turn Your Commerce ON","og_description":"Autodiagn\u00f3stico B2B","og_url":"https:\/\/www.onglobal.io\/ar\/autodiagnostico-b2b\/","og_site_name":"onGlobal Argentina | Turn Your Commerce ON","article_modified_time":"2026-02-28T20:05:36+00:00","twitter_card":"summary_large_image","twitter_misc":{"Tiempo de lectura":"1 minuto"},"schema":{"@context":"https:\/\/schema.org","@graph":[{"@type":"WebPage","@id":"https:\/\/www.onglobal.io\/ar\/autodiagnostico-b2b\/","url":"https:\/\/www.onglobal.io\/ar\/autodiagnostico-b2b\/","name":"Autodiagn\u00f3stico B2B - onGlobal Argentina | Turn Your Commerce ON","isPartOf":{"@id":"https:\/\/www.onglobal.io\/ar\/#website"},"datePublished":"2025-12-26T12:55:11+00:00","dateModified":"2026-02-28T20:05:36+00:00","description":"Autodiagn\u00f3stico B2B","breadcrumb":{"@id":"https:\/\/www.onglobal.io\/ar\/autodiagnostico-b2b\/#breadcrumb"},"inLanguage":"es-AR","potentialAction":[{"@type":"ReadAction","target":["https:\/\/www.onglobal.io\/ar\/autodiagnostico-b2b\/"]}]},{"@type":"BreadcrumbList","@id":"https:\/\/www.onglobal.io\/ar\/autodiagnostico-b2b\/#breadcrumb","itemListElement":[{"@type":"ListItem","position":1,"name":"Home","item":"https:\/\/www.onglobal.io\/ar\/"},{"@type":"ListItem","position":2,"name":"Autodiagn\u00f3stico B2B"}]},{"@type":"WebSite","@id":"https:\/\/www.onglobal.io\/ar\/#website","url":"https:\/\/www.onglobal.io\/ar\/","name":"onGlobal Argentina | Turn Your Commerce ON","description":"Creamos soluciones de comercio electr\u00f3nico con tecnolog\u00edas abiertas y seguras, integradas a tu negocio y listas para evolucionar.","publisher":{"@id":"https:\/\/www.onglobal.io\/ar\/#organization"},"potentialAction":[{"@type":"SearchAction","target":{"@type":"EntryPoint","urlTemplate":"https:\/\/www.onglobal.io\/ar\/?s={search_term_string}"},"query-input":{"@type":"PropertyValueSpecification","valueRequired":true,"valueName":"search_term_string"}}],"inLanguage":"es-AR"},{"@type":"Organization","@id":"https:\/\/www.onglobal.io\/ar\/#organization","name":"onGlobal Argentina | Turn Your Commerce ON","url":"https:\/\/www.onglobal.io\/ar\/","logo":{"@type":"ImageObject","inLanguage":"es-AR","@id":"https:\/\/www.onglobal.io\/ar\/#\/schema\/logo\/image\/","url":"https:\/\/www.onglobal.io\/ar\/wp-content\/uploads\/sites\/6\/2025\/06\/OnGlobal_logo3.svg","contentUrl":"https:\/\/www.onglobal.io\/ar\/wp-content\/uploads\/sites\/6\/2025\/06\/OnGlobal_logo3.svg","caption":"onGlobal Argentina | Turn Your Commerce ON"},"image":{"@id":"https:\/\/www.onglobal.io\/ar\/#\/schema\/logo\/image\/"}}]}},"_links":{"self":[{"href":"https:\/\/www.onglobal.io\/ar\/wp-json\/wp\/v2\/pages\/10309","targetHints":{"allow":["GET"]}}],"collection":[{"href":"https:\/\/www.onglobal.io\/ar\/wp-json\/wp\/v2\/pages"}],"about":[{"href":"https:\/\/www.onglobal.io\/ar\/wp-json\/wp\/v2\/types\/page"}],"author":[{"embeddable":true,"href":"https:\/\/www.onglobal.io\/ar\/wp-json\/wp\/v2\/users\/1"}],"replies":[{"embeddable":true,"href":"https:\/\/www.onglobal.io\/ar\/wp-json\/wp\/v2\/comments?post=10309"}],"version-history":[{"count":101,"href":"https:\/\/www.onglobal.io\/ar\/wp-json\/wp\/v2\/pages\/10309\/revisions"}],"predecessor-version":[{"id":11162,"href":"https:\/\/www.onglobal.io\/ar\/wp-json\/wp\/v2\/pages\/10309\/revisions\/11162"}],"wp:attachment":[{"href":"https:\/\/www.onglobal.io\/ar\/wp-json\/wp\/v2\/media?parent=10309"}],"curies":[{"name":"wp","href":"https:\/\/api.w.org\/{rel}","templated":true}]}}