{"id":7119,"date":"2025-06-11T23:01:54","date_gmt":"2025-06-11T23:01:54","guid":{"rendered":"https:\/\/regionglobal.com\/?page_id=7119"},"modified":"2026-02-02T15:19:58","modified_gmt":"2026-02-02T15:19:58","slug":"contacto","status":"publish","type":"page","link":"https:\/\/www.onglobal.io\/mx\/contacto\/","title":{"rendered":"Contacto"},"content":{"rendered":"\t\t<div data-elementor-type=\"wp-page\" data-elementor-id=\"7119\" class=\"elementor elementor-7119\" data-elementor-post-type=\"page\">\n\t\t\t\t<div class=\"elementor-element elementor-element-5514043 e-flex e-con-boxed e-con e-parent\" data-id=\"5514043\" data-element_type=\"container\" data-e-type=\"container\" data-settings=\"{&quot;background_background&quot;:&quot;classic&quot;}\">\n\t\t\t\t\t<div class=\"e-con-inner\">\n\t\t<div class=\"elementor-element elementor-element-48d7ced e-con-full e-flex e-con e-child\" data-id=\"48d7ced\" data-element_type=\"container\" data-e-type=\"container\">\n\t\t\t\t<div class=\"elementor-element elementor-element-ac210fe elementor-widget elementor-widget-heading\" data-id=\"ac210fe\" data-element_type=\"widget\" data-e-type=\"widget\" data-widget_type=\"heading.default\">\n\t\t\t\t<div class=\"elementor-widget-container\">\n\t\t\t\t\t<h2 class=\"elementor-heading-title elementor-size-default\">\u00a1Hablemos!\n<\/h2>\t\t\t\t<\/div>\n\t\t\t\t<\/div>\n\t\t\t\t<div class=\"elementor-element elementor-element-9b9a321 elementor-widget elementor-widget-heading\" data-id=\"9b9a321\" data-element_type=\"widget\" data-e-type=\"widget\" data-widget_type=\"heading.default\">\n\t\t\t\t<div class=\"elementor-widget-container\">\n\t\t\t\t\t<h2 class=\"elementor-heading-title elementor-size-default\">El siguiente paso<\/h2>\t\t\t\t<\/div>\n\t\t\t\t<\/div>\n\t\t\t\t<div class=\"elementor-element elementor-element-3dfa7dc elementor-widget elementor-widget-heading\" data-id=\"3dfa7dc\" data-element_type=\"widget\" data-e-type=\"widget\" data-widget_type=\"heading.default\">\n\t\t\t\t<div class=\"elementor-widget-container\">\n\t\t\t\t\t<h2 class=\"elementor-heading-title elementor-size-default\">para tu proyecto.<\/h2>\t\t\t\t<\/div>\n\t\t\t\t<\/div>\n\t\t<div class=\"elementor-element elementor-element-b047441 e-con-full e-flex e-con e-child\" data-id=\"b047441\" data-element_type=\"container\" data-e-type=\"container\">\n\t\t\t\t<div class=\"elementor-element elementor-element-239eda2 e-grid-align-left elementor-shape-rounded elementor-grid-0 elementor-widget elementor-widget-social-icons\" data-id=\"239eda2\" data-element_type=\"widget\" data-e-type=\"widget\" data-widget_type=\"social-icons.default\">\n\t\t\t\t<div class=\"elementor-widget-container\">\n\t\t\t\t\t\t\t<div class=\"elementor-social-icons-wrapper elementor-grid\">\n\t\t\t\t\t\t\t<span class=\"elementor-grid-item\">\n\t\t\t\t\t<a class=\"elementor-icon elementor-social-icon elementor-social-icon-linkedin elementor-repeater-item-e48fd23\" href=\"https:\/\/www.linkedin.com\/company\/weareonglobal\/\" target=\"_blank\">\n\t\t\t\t\t\t<span class=\"elementor-screen-only\">Linkedin<\/span>\n\t\t\t\t\t\t<svg aria-hidden=\"true\" class=\"e-font-icon-svg e-fab-linkedin\" viewBox=\"0 0 448 512\" xmlns=\"http:\/\/www.w3.org\/2000\/svg\"><path d=\"M416 32H31.9C14.3 32 0 46.5 0 64.3v383.4C0 465.5 14.3 480 31.9 480H416c17.6 0 32-14.5 32-32.3V64.3c0-17.8-14.4-32.3-32-32.3zM135.4 416H69V202.2h66.5V416zm-33.2-243c-21.3 0-38.5-17.3-38.5-38.5S80.9 96 102.2 96c21.2 0 38.5 17.3 38.5 38.5 0 21.3-17.2 38.5-38.5 38.5zm282.1 243h-66.4V312c0-24.8-.5-56.7-34.5-56.7-34.6 0-39.9 27-39.9 54.9V416h-66.4V202.2h63.7v29.2h.9c8.9-16.8 30.6-34.5 62.9-34.5 67.2 0 79.7 44.3 79.7 101.9V416z\"><\/path><\/svg>\t\t\t\t\t<\/a>\n\t\t\t\t<\/span>\n\t\t\t\t\t<\/div>\n\t\t\t\t\t\t<\/div>\n\t\t\t\t<\/div>\n\t\t\t\t<\/div>\n\t\t\t\t<\/div>\n\t\t<div class=\"elementor-element elementor-element-6c96f4e e-con-full e-flex e-con e-child\" data-id=\"6c96f4e\" data-element_type=\"container\" data-e-type=\"container\">\n\t\t\t\t<div class=\"elementor-element elementor-element-cad6de6 elementor-button-align-start elementor-widget elementor-widget-form\" data-id=\"cad6de6\" data-element_type=\"widget\" data-e-type=\"widget\" data-settings=\"{&quot;step_next_label&quot;:&quot;Next&quot;,&quot;step_previous_label&quot;:&quot;Previous&quot;,&quot;button_width&quot;:&quot;100&quot;,&quot;step_type&quot;:&quot;number_text&quot;,&quot;step_icon_shape&quot;:&quot;circle&quot;}\" data-widget_type=\"form.default\">\n\t\t\t\t<div class=\"elementor-widget-container\">\n\t\t\t\t\t\t\t<form class=\"elementor-form\" method=\"post\" name=\"New Form\" aria-label=\"New Form\">\n\t\t\t<input type=\"hidden\" name=\"post_id\" value=\"7119\"\/>\n\t\t\t<input type=\"hidden\" name=\"form_id\" value=\"cad6de6\"\/>\n\t\t\t<input type=\"hidden\" name=\"referer_title\" value=\"Contacto | onGlobal\" \/>\n\n\t\t\t\t\t\t\t<input type=\"hidden\" name=\"queried_id\" value=\"7119\"\/>\n\t\t\t\n\t\t\t<div class=\"elementor-form-fields-wrapper elementor-labels-above\">\n\t\t\t\t\t\t\t\t<div class=\"elementor-field-type-text elementor-field-group elementor-column elementor-field-group-name elementor-col-100 elementor-field-required\">\n\t\t\t\t\t\t\t\t\t\t\t\t\t<input size=\"1\" type=\"text\" name=\"form_fields[name]\" id=\"form-field-name\" class=\"elementor-field elementor-size-md  elementor-field-textual\" placeholder=\"Nombre\" required=\"required\">\n\t\t\t\t\t\t\t\t\t\t\t<\/div>\n\t\t\t\t\t\t\t\t<div class=\"elementor-field-type-text elementor-field-group elementor-column elementor-field-group-field_b24f6a8 elementor-col-100\">\n\t\t\t\t\t\t\t\t\t\t\t\t\t<input size=\"1\" type=\"text\" name=\"form_fields[field_b24f6a8]\" id=\"form-field-field_b24f6a8\" class=\"elementor-field elementor-size-md  elementor-field-textual\" placeholder=\"Empresa\">\n\t\t\t\t\t\t\t\t\t\t\t<\/div>\n\t\t\t\t\t\t\t\t<div class=\"elementor-field-type-number elementor-field-group elementor-column elementor-field-group-field_bc4cb07 elementor-col-100\">\n\t\t\t\t\t\t\t\t<input type=\"number\" name=\"form_fields[field_bc4cb07]\" id=\"form-field-field_bc4cb07\" class=\"elementor-field elementor-size-md  elementor-field-textual\" placeholder=\"Tel\u00e9fono\" min=\"\" max=\"\" >\n\t\t\t\t\t\t<\/div>\n\t\t\t\t\t\t\t\t<div class=\"elementor-field-type-email elementor-field-group elementor-column elementor-field-group-email elementor-col-100 elementor-field-required\">\n\t\t\t\t\t\t\t\t\t\t\t\t\t<input size=\"1\" type=\"email\" name=\"form_fields[email]\" id=\"form-field-email\" class=\"elementor-field elementor-size-md  elementor-field-textual\" placeholder=\"Email\" required=\"required\">\n\t\t\t\t\t\t\t\t\t\t\t<\/div>\n\t\t\t\t\t\t\t\t<div class=\"elementor-field-type-textarea elementor-field-group elementor-column elementor-field-group-message elementor-col-100\">\n\t\t\t\t\t<textarea class=\"elementor-field-textual elementor-field  elementor-size-md\" name=\"form_fields[message]\" id=\"form-field-message\" rows=\"4\" placeholder=\"Mensaje\"><\/textarea>\t\t\t\t<\/div>\n\t\t\t\t\t\t\t\t<div class=\"elementor-field-type-upload elementor-field-group elementor-column elementor-field-group-field_7a03450 elementor-col-100\">\n\t\t\t\t\t\t\t<input type=\"file\" name=\"form_fields[field_7a03450]\" id=\"form-field-field_7a03450\" class=\"elementor-field elementor-size-md  elementor-upload-field\">\n\n\t\t\t\t\t\t<\/div>\n\t\t\t\t\t\t\t\t<div class=\"elementor-field-type-text\">\n\t\t\t\t\t<input size=\"1\" type=\"text\" name=\"form_fields[field_63f01f4]\" id=\"form-field-field_63f01f4\" class=\"elementor-field elementor-size-md \" style=\"display:none !important;\">\t\t\t\t<\/div>\n\t\t\t\t\t\t\t\t<div class=\"elementor-field-group elementor-column elementor-field-type-submit elementor-col-100 e-form__buttons\">\n\t\t\t\t\t<button class=\"elementor-button elementor-size-sm\" type=\"submit\">\n\t\t\t\t\t\t<span class=\"elementor-button-content-wrapper\">\n\t\t\t\t\t\t\t\t\t\t\t\t\t\t\t<span class=\"elementor-button-icon\">\n\t\t\t\t\t\t\t\t\t<svg aria-hidden=\"true\" class=\"e-font-icon-svg e-fas-angle-right\" viewBox=\"0 0 256 512\" xmlns=\"http:\/\/www.w3.org\/2000\/svg\"><path d=\"M224.3 273l-136 136c-9.4 9.4-24.6 9.4-33.9 0l-22.6-22.6c-9.4-9.4-9.4-24.6 0-33.9l96.4-96.4-96.4-96.4c-9.4-9.4-9.4-24.6 0-33.9L54.3 103c9.4-9.4 24.6-9.4 33.9 0l136 136c9.5 9.4 9.5 24.6.1 34z\"><\/path><\/svg>\t\t\t\t\t\t\t\t\t\t\t\t\t\t\t\t\t<\/span>\n\t\t\t\t\t\t\t\t\t\t\t\t\t\t\t\t\t\t\t\t\t\t<span class=\"elementor-button-text\">Enviar<\/span>\n\t\t\t\t\t\t\t\t\t\t\t\t\t<\/span>\n\t\t\t\t\t<\/button>\n\t\t\t\t<\/div>\n\t\t\t<\/div>\n\t\t<\/form>\n\t\t\t\t\t\t<\/div>\n\t\t\t\t<\/div>\n\t\t\t\t<\/div>\n\t\t\t\t\t<\/div>\n\t\t\t\t<\/div>\n\t\t\t\t<\/div>\n\t\t","protected":false},"excerpt":{"rendered":"<p>\u00a1Hablemos! El siguiente paso para tu proyecto. Linkedin<\/p>\n","protected":false},"author":1,"featured_media":0,"parent":0,"menu_order":0,"comment_status":"closed","ping_status":"closed","template":"","meta":{"_acf_changed":false,"footnotes":""},"class_list":["post-7119","page","type-page","status-publish","hentry"],"acf":[],"yoast_head":"<!-- This site is optimized with the Yoast SEO plugin v27.4 - https:\/\/yoast.com\/product\/yoast-seo-wordpress\/ -->\n<title>Contacto | onGlobal<\/title>\n<meta name=\"description\" content=\"\u00a1Hablemos! El siguiente paso para tu proyecto. Complet\u00e1 el formulario de contacto y conect\u00e1 con onGlobal.\" \/>\n<meta name=\"robots\" content=\"index, follow, max-snippet:-1, max-image-preview:large, max-video-preview:-1\" \/>\n<link rel=\"canonical\" href=\"https:\/\/www.onglobal.io\/mx\/contacto\/\" \/>\n<meta property=\"og:locale\" content=\"es_MX\" \/>\n<meta property=\"og:type\" content=\"article\" \/>\n<meta property=\"og:title\" content=\"Contacto | onGlobal\" \/>\n<meta property=\"og:description\" content=\"\u00a1Hablemos! El siguiente paso para tu proyecto. Complet\u00e1 el formulario de contacto y conect\u00e1 con onGlobal.\" \/>\n<meta property=\"og:url\" content=\"https:\/\/www.onglobal.io\/mx\/contacto\/\" \/>\n<meta property=\"og:site_name\" content=\"onGlobal M\u00e9xico | Turn Your Commerce ON\" \/>\n<meta property=\"article:modified_time\" content=\"2026-02-02T15:19:58+00:00\" \/>\n<meta name=\"twitter:card\" content=\"summary_large_image\" \/>\n<meta name=\"twitter:label1\" content=\"Tiempo de lectura\" \/>\n\t<meta name=\"twitter:data1\" content=\"1 minuto\" \/>\n<script type=\"application\/ld+json\" class=\"yoast-schema-graph\">{\"@context\":\"https:\\\/\\\/schema.org\",\"@graph\":[{\"@type\":\"WebPage\",\"@id\":\"https:\\\/\\\/www.onglobal.io\\\/mx\\\/contacto\\\/\",\"url\":\"https:\\\/\\\/www.onglobal.io\\\/mx\\\/contacto\\\/\",\"name\":\"Contacto | onGlobal\",\"isPartOf\":{\"@id\":\"https:\\\/\\\/www.onglobal.io\\\/mx\\\/#website\"},\"datePublished\":\"2025-06-11T23:01:54+00:00\",\"dateModified\":\"2026-02-02T15:19:58+00:00\",\"description\":\"\u00a1Hablemos! El siguiente paso para tu proyecto. Complet\u00e1 el formulario de contacto y conect\u00e1 con onGlobal.\",\"breadcrumb\":{\"@id\":\"https:\\\/\\\/www.onglobal.io\\\/mx\\\/contacto\\\/#breadcrumb\"},\"inLanguage\":\"es\",\"potentialAction\":[{\"@type\":\"ReadAction\",\"target\":[\"https:\\\/\\\/www.onglobal.io\\\/mx\\\/contacto\\\/\"]}]},{\"@type\":\"BreadcrumbList\",\"@id\":\"https:\\\/\\\/www.onglobal.io\\\/mx\\\/contacto\\\/#breadcrumb\",\"itemListElement\":[{\"@type\":\"ListItem\",\"position\":1,\"name\":\"Home\",\"item\":\"https:\\\/\\\/www.onglobal.io\\\/mx\\\/\"},{\"@type\":\"ListItem\",\"position\":2,\"name\":\"Contacto\"}]},{\"@type\":\"WebSite\",\"@id\":\"https:\\\/\\\/www.onglobal.io\\\/mx\\\/#website\",\"url\":\"https:\\\/\\\/www.onglobal.io\\\/mx\\\/\",\"name\":\"onGlobal M\u00e9xico | Turn Your Commerce ON\",\"description\":\"Creamos soluciones de comercio electr\u00f3nico con tecnolog\u00edas abiertas y seguras, integradas a tu negocio y listas para evolucionar.\",\"publisher\":{\"@id\":\"https:\\\/\\\/www.onglobal.io\\\/mx\\\/#organization\"},\"alternateName\":\"onGlobal\",\"potentialAction\":[{\"@type\":\"SearchAction\",\"target\":{\"@type\":\"EntryPoint\",\"urlTemplate\":\"https:\\\/\\\/www.onglobal.io\\\/mx\\\/?s={search_term_string}\"},\"query-input\":{\"@type\":\"PropertyValueSpecification\",\"valueRequired\":true,\"valueName\":\"search_term_string\"}}],\"inLanguage\":\"es\"},{\"@type\":\"Organization\",\"@id\":\"https:\\\/\\\/www.onglobal.io\\\/mx\\\/#organization\",\"name\":\"onGlobal M\u00e9xico\",\"url\":\"https:\\\/\\\/www.onglobal.io\\\/mx\\\/\",\"logo\":{\"@type\":\"ImageObject\",\"inLanguage\":\"es\",\"@id\":\"https:\\\/\\\/www.onglobal.io\\\/mx\\\/#\\\/schema\\\/logo\\\/image\\\/\",\"url\":\"https:\\\/\\\/www.onglobal.io\\\/mx\\\/wp-content\\\/uploads\\\/sites\\\/5\\\/2026\\\/02\\\/OnGlobal-opcion1.png\",\"contentUrl\":\"https:\\\/\\\/www.onglobal.io\\\/mx\\\/wp-content\\\/uploads\\\/sites\\\/5\\\/2026\\\/02\\\/OnGlobal-opcion1.png\",\"width\":717,\"height\":547,\"caption\":\"onGlobal M\u00e9xico\"},\"image\":{\"@id\":\"https:\\\/\\\/www.onglobal.io\\\/mx\\\/#\\\/schema\\\/logo\\\/image\\\/\"},\"sameAs\":[\"https:\\\/\\\/www.linkedin.com\\\/company\\\/weareonglobal\"]}]}<\/script>\n<!-- \/ Yoast SEO plugin. -->","yoast_head_json":{"title":"Contacto | onGlobal","description":"\u00a1Hablemos! El siguiente paso para tu proyecto. Complet\u00e1 el formulario de contacto y conect\u00e1 con onGlobal.","robots":{"index":"index","follow":"follow","max-snippet":"max-snippet:-1","max-image-preview":"max-image-preview:large","max-video-preview":"max-video-preview:-1"},"canonical":"https:\/\/www.onglobal.io\/mx\/contacto\/","og_locale":"es_MX","og_type":"article","og_title":"Contacto | onGlobal","og_description":"\u00a1Hablemos! El siguiente paso para tu proyecto. Complet\u00e1 el formulario de contacto y conect\u00e1 con onGlobal.","og_url":"https:\/\/www.onglobal.io\/mx\/contacto\/","og_site_name":"onGlobal M\u00e9xico | Turn Your Commerce ON","article_modified_time":"2026-02-02T15:19:58+00:00","twitter_card":"summary_large_image","twitter_misc":{"Tiempo de lectura":"1 minuto"},"schema":{"@context":"https:\/\/schema.org","@graph":[{"@type":"WebPage","@id":"https:\/\/www.onglobal.io\/mx\/contacto\/","url":"https:\/\/www.onglobal.io\/mx\/contacto\/","name":"Contacto | onGlobal","isPartOf":{"@id":"https:\/\/www.onglobal.io\/mx\/#website"},"datePublished":"2025-06-11T23:01:54+00:00","dateModified":"2026-02-02T15:19:58+00:00","description":"\u00a1Hablemos! El siguiente paso para tu proyecto. Complet\u00e1 el formulario de contacto y conect\u00e1 con onGlobal.","breadcrumb":{"@id":"https:\/\/www.onglobal.io\/mx\/contacto\/#breadcrumb"},"inLanguage":"es","potentialAction":[{"@type":"ReadAction","target":["https:\/\/www.onglobal.io\/mx\/contacto\/"]}]},{"@type":"BreadcrumbList","@id":"https:\/\/www.onglobal.io\/mx\/contacto\/#breadcrumb","itemListElement":[{"@type":"ListItem","position":1,"name":"Home","item":"https:\/\/www.onglobal.io\/mx\/"},{"@type":"ListItem","position":2,"name":"Contacto"}]},{"@type":"WebSite","@id":"https:\/\/www.onglobal.io\/mx\/#website","url":"https:\/\/www.onglobal.io\/mx\/","name":"onGlobal M\u00e9xico | Turn Your Commerce ON","description":"Creamos soluciones de comercio electr\u00f3nico con tecnolog\u00edas abiertas y seguras, integradas a tu negocio y listas para evolucionar.","publisher":{"@id":"https:\/\/www.onglobal.io\/mx\/#organization"},"alternateName":"onGlobal","potentialAction":[{"@type":"SearchAction","target":{"@type":"EntryPoint","urlTemplate":"https:\/\/www.onglobal.io\/mx\/?s={search_term_string}"},"query-input":{"@type":"PropertyValueSpecification","valueRequired":true,"valueName":"search_term_string"}}],"inLanguage":"es"},{"@type":"Organization","@id":"https:\/\/www.onglobal.io\/mx\/#organization","name":"onGlobal M\u00e9xico","url":"https:\/\/www.onglobal.io\/mx\/","logo":{"@type":"ImageObject","inLanguage":"es","@id":"https:\/\/www.onglobal.io\/mx\/#\/schema\/logo\/image\/","url":"https:\/\/www.onglobal.io\/mx\/wp-content\/uploads\/sites\/5\/2026\/02\/OnGlobal-opcion1.png","contentUrl":"https:\/\/www.onglobal.io\/mx\/wp-content\/uploads\/sites\/5\/2026\/02\/OnGlobal-opcion1.png","width":717,"height":547,"caption":"onGlobal M\u00e9xico"},"image":{"@id":"https:\/\/www.onglobal.io\/mx\/#\/schema\/logo\/image\/"},"sameAs":["https:\/\/www.linkedin.com\/company\/weareonglobal"]}]}},"_links":{"self":[{"href":"https:\/\/www.onglobal.io\/mx\/wp-json\/wp\/v2\/pages\/7119","targetHints":{"allow":["GET"]}}],"collection":[{"href":"https:\/\/www.onglobal.io\/mx\/wp-json\/wp\/v2\/pages"}],"about":[{"href":"https:\/\/www.onglobal.io\/mx\/wp-json\/wp\/v2\/types\/page"}],"author":[{"embeddable":true,"href":"https:\/\/www.onglobal.io\/mx\/wp-json\/wp\/v2\/users\/1"}],"replies":[{"embeddable":true,"href":"https:\/\/www.onglobal.io\/mx\/wp-json\/wp\/v2\/comments?post=7119"}],"version-history":[{"count":61,"href":"https:\/\/www.onglobal.io\/mx\/wp-json\/wp\/v2\/pages\/7119\/revisions"}],"predecessor-version":[{"id":11050,"href":"https:\/\/www.onglobal.io\/mx\/wp-json\/wp\/v2\/pages\/7119\/revisions\/11050"}],"wp:attachment":[{"href":"https:\/\/www.onglobal.io\/mx\/wp-json\/wp\/v2\/media?parent=7119"}],"curies":[{"name":"wp","href":"https:\/\/api.w.org\/{rel}","templated":true}]}}