{"id":7343,"date":"2025-06-13T14:11:22","date_gmt":"2025-06-13T14:11:22","guid":{"rendered":"https:\/\/regionglobal.com\/?page_id=7343"},"modified":"2026-01-23T15:32:58","modified_gmt":"2026-01-23T15:32:58","slug":"rrhh","status":"publish","type":"page","link":"https:\/\/www.onglobal.io\/mx\/rrhh\/","title":{"rendered":"RRHH"},"content":{"rendered":"\t\t<div data-elementor-type=\"wp-page\" data-elementor-id=\"7343\" class=\"elementor elementor-7343\" data-elementor-post-type=\"page\">\n\t\t\t\t<div class=\"elementor-element elementor-element-05033aa e-flex e-con-boxed e-con e-parent\" data-id=\"05033aa\" data-element_type=\"container\" data-e-type=\"container\" data-settings=\"{&quot;background_background&quot;:&quot;classic&quot;}\">\n\t\t\t\t\t<div class=\"e-con-inner\">\n\t\t<div class=\"elementor-element elementor-element-a4df7cb e-con-full e-flex e-con e-child\" data-id=\"a4df7cb\" data-element_type=\"container\" data-e-type=\"container\">\n\t\t\t\t<div class=\"elementor-element elementor-element-7eed9db elementor-widget elementor-widget-heading\" data-id=\"7eed9db\" data-element_type=\"widget\" data-e-type=\"widget\" data-widget_type=\"heading.default\">\n\t\t\t\t<div class=\"elementor-widget-container\">\n\t\t\t\t\t<h2 class=\"elementor-heading-title elementor-size-default\">Talento<\/h2>\t\t\t\t<\/div>\n\t\t\t\t<\/div>\n\t\t\t\t<div class=\"elementor-element elementor-element-a7fbeef elementor-widget elementor-widget-heading\" data-id=\"a7fbeef\" data-element_type=\"widget\" data-e-type=\"widget\" data-widget_type=\"heading.default\">\n\t\t\t\t<div class=\"elementor-widget-container\">\n\t\t\t\t\t<h2 class=\"elementor-heading-title elementor-size-default\">Sumate al equipo de<\/h2>\t\t\t\t<\/div>\n\t\t\t\t<\/div>\n\t\t\t\t<div class=\"elementor-element elementor-element-e988b26 elementor-widget elementor-widget-heading\" data-id=\"e988b26\" data-element_type=\"widget\" data-e-type=\"widget\" data-widget_type=\"heading.default\">\n\t\t\t\t<div class=\"elementor-widget-container\">\n\t\t\t\t\t<h2 class=\"elementor-heading-title elementor-size-default\">onGlobal<\/h2>\t\t\t\t<\/div>\n\t\t\t\t<\/div>\n\t\t\t\t<\/div>\n\t\t<div class=\"elementor-element elementor-element-af026b2 e-con-full e-flex e-con e-child\" data-id=\"af026b2\" data-element_type=\"container\" data-e-type=\"container\">\n\t\t\t\t<div class=\"elementor-element elementor-element-d694207 elementor-widget-mobile__width-initial elementor-button-align-stretch elementor-widget elementor-widget-form\" data-id=\"d694207\" data-element_type=\"widget\" data-e-type=\"widget\" data-settings=\"{&quot;step_next_label&quot;:&quot;Next&quot;,&quot;step_previous_label&quot;:&quot;Previous&quot;,&quot;button_width&quot;:&quot;100&quot;,&quot;step_type&quot;:&quot;number_text&quot;,&quot;step_icon_shape&quot;:&quot;circle&quot;}\" data-widget_type=\"form.default\">\n\t\t\t\t<div class=\"elementor-widget-container\">\n\t\t\t\t\t\t\t<form class=\"elementor-form\" method=\"post\" id=\"cv_form\" name=\"Sumate al equipo RG\" aria-label=\"Sumate al equipo RG\">\n\t\t\t<input type=\"hidden\" name=\"post_id\" value=\"7343\"\/>\n\t\t\t<input type=\"hidden\" name=\"form_id\" value=\"d694207\"\/>\n\t\t\t<input type=\"hidden\" name=\"referer_title\" value=\"RRHH - onGlobal M\u00e9xico | Turn Your Commerce ON\" \/>\n\n\t\t\t\t\t\t\t<input type=\"hidden\" name=\"queried_id\" value=\"7343\"\/>\n\t\t\t\n\t\t\t<div class=\"elementor-form-fields-wrapper elementor-labels-above\">\n\t\t\t\t\t\t\t\t<div class=\"elementor-field-type-upload elementor-field-group elementor-column elementor-field-group-message elementor-col-100 elementor-field-required\">\n\t\t\t\t\t\t\t\t\t\t\t\t<label for=\"form-field-message\" class=\"elementor-field-label\">\n\t\t\t\t\t\t\t\tAdjunta tu CV\t\t\t\t\t\t\t<\/label>\n\t\t\t\t\t\t\t\t<input type=\"file\" name=\"form_fields[message]\" id=\"form-field-message\" class=\"elementor-field elementor-size-sm  elementor-upload-field\" required=\"required\">\n\n\t\t\t\t\t\t<\/div>\n\t\t\t\t\t\t\t\t<div class=\"elementor-field-type-text\">\n\t\t\t\t\t<input size=\"1\" type=\"text\" name=\"form_fields[field_b78836c]\" id=\"form-field-field_b78836c\" class=\"elementor-field elementor-size-sm \" style=\"display:none !important;\">\t\t\t\t<\/div>\n\t\t\t\t\t\t\t\t<div class=\"elementor-field-group elementor-column elementor-field-type-submit elementor-col-100 e-form__buttons\">\n\t\t\t\t\t<button class=\"elementor-button elementor-size-sm\" type=\"submit\">\n\t\t\t\t\t\t<span class=\"elementor-button-content-wrapper\">\n\t\t\t\t\t\t\t\t\t\t\t\t\t\t\t<span class=\"elementor-button-icon\">\n\t\t\t\t\t\t\t\t\t<svg aria-hidden=\"true\" class=\"e-font-icon-svg e-fas-angle-right\" viewBox=\"0 0 256 512\" xmlns=\"http:\/\/www.w3.org\/2000\/svg\"><path d=\"M224.3 273l-136 136c-9.4 9.4-24.6 9.4-33.9 0l-22.6-22.6c-9.4-9.4-9.4-24.6 0-33.9l96.4-96.4-96.4-96.4c-9.4-9.4-9.4-24.6 0-33.9L54.3 103c9.4-9.4 24.6-9.4 33.9 0l136 136c9.5 9.4 9.5 24.6.1 34z\"><\/path><\/svg>\t\t\t\t\t\t\t\t\t\t\t\t\t\t\t\t\t<\/span>\n\t\t\t\t\t\t\t\t\t\t\t\t\t\t\t\t\t\t\t\t\t\t<span class=\"elementor-button-text\">Enviar<\/span>\n\t\t\t\t\t\t\t\t\t\t\t\t\t<\/span>\n\t\t\t\t\t<\/button>\n\t\t\t\t<\/div>\n\t\t\t<\/div>\n\t\t<\/form>\n\t\t\t\t\t\t<\/div>\n\t\t\t\t<\/div>\n\t\t\t\t<div class=\"elementor-element elementor-element-f119cbe elementor-widget elementor-widget-html\" data-id=\"f119cbe\" data-element_type=\"widget\" data-e-type=\"widget\" data-widget_type=\"html.default\">\n\t\t\t\t<div class=\"elementor-widget-container\">\n\t\t\t\t\t<script>\ndocument.addEventListener('DOMContentLoaded', function () {\n  const input = document.getElementById('form-field-message');\n  const label = document.querySelector('label[for=\"form-field-message\"]');\n  const wrapper = jQuery('#cv_form').find('.elementor-form-fields-wrapper');\n  const field = jQuery(input).closest('.elementor-field-type-upload');\n  \n  function updateUI() {\n    if (input.files.length > 0) {\n      label.textContent = \"Seleccionado: \" + input.files[0].name;\n      field.addClass('has-file');\n    } else {\n      label.textContent = \"Adjunta tu CV\";\n      field.removeClass('has-file');\n    }\n  }\n  \n  input.addEventListener('change', updateUI);\n  \n    (($)=>{\n        $(document).ready(()=>{\n    \t\t$(document).on('submit_success', '#cv_form',(e)=>{\n    \t\t\twrapper.hide()\n    \t\t})\n        })\n    })(jQuery)\n    \n  window.addEventListener('dragover', function (e) {\n    e.preventDefault();\n    field.addClass('drag-over');\n  });\n\n  window.addEventListener('dragleave', function (e) {\n    e.preventDefault();\n    field.removeClass('drag-over');\n  });\n\n  window.addEventListener('drop', function (e) {\n    e.preventDefault();\n    field.removeClass('drag-over');\n\n    if (e.dataTransfer.files && e.dataTransfer.files.length > 0) {\n      const dt = new DataTransfer();\n      dt.items.add(e.dataTransfer.files[0]);\n      input.files = dt.files;\n\n      updateUI();\n    }\n  });\n});\n<\/script>\n\n\t\t\t\t<\/div>\n\t\t\t\t<\/div>\n\t\t\t\t<\/div>\n\t\t\t\t\t<\/div>\n\t\t\t\t<\/div>\n\t\t\t\t<\/div>\n\t\t","protected":false},"excerpt":{"rendered":"<p>Talento Sumate al equipo de onGlobal<\/p>\n","protected":false},"author":1,"featured_media":0,"parent":0,"menu_order":0,"comment_status":"closed","ping_status":"closed","template":"","meta":{"_acf_changed":false,"footnotes":""},"class_list":["post-7343","page","type-page","status-publish","hentry"],"acf":[],"yoast_head":"<!-- This site is optimized with the Yoast SEO plugin v27.4 - https:\/\/yoast.com\/product\/yoast-seo-wordpress\/ -->\n<title>RRHH - onGlobal M\u00e9xico | Turn Your Commerce ON<\/title>\n<meta name=\"description\" content=\"Sumate al equipo de Regi\u00f3n Global y form\u00e1 parte de un espacio de crecimiento y desarrollo. Descubr\u00ed las oportunidades con el equipo de rrhh.\" \/>\n<meta name=\"robots\" content=\"index, follow, max-snippet:-1, max-image-preview:large, max-video-preview:-1\" \/>\n<link rel=\"canonical\" href=\"https:\/\/www.onglobal.io\/mx\/rrhh\/\" \/>\n<meta property=\"og:locale\" content=\"es_MX\" \/>\n<meta property=\"og:type\" content=\"article\" \/>\n<meta property=\"og:title\" content=\"RRHH - onGlobal M\u00e9xico | Turn Your Commerce ON\" \/>\n<meta property=\"og:description\" content=\"Sumate al equipo de Regi\u00f3n Global y form\u00e1 parte de un espacio de crecimiento y desarrollo. Descubr\u00ed las oportunidades con el equipo de rrhh.\" \/>\n<meta property=\"og:url\" content=\"https:\/\/www.onglobal.io\/mx\/rrhh\/\" \/>\n<meta property=\"og:site_name\" content=\"onGlobal M\u00e9xico | Turn Your Commerce ON\" \/>\n<meta property=\"article:modified_time\" content=\"2026-01-23T15:32:58+00:00\" \/>\n<meta name=\"twitter:card\" content=\"summary_large_image\" \/>\n<meta name=\"twitter:label1\" content=\"Tiempo de lectura\" \/>\n\t<meta name=\"twitter:data1\" content=\"1 minuto\" \/>\n<script type=\"application\/ld+json\" class=\"yoast-schema-graph\">{\"@context\":\"https:\\\/\\\/schema.org\",\"@graph\":[{\"@type\":\"WebPage\",\"@id\":\"https:\\\/\\\/www.onglobal.io\\\/mx\\\/rrhh\\\/\",\"url\":\"https:\\\/\\\/www.onglobal.io\\\/mx\\\/rrhh\\\/\",\"name\":\"RRHH - onGlobal M\u00e9xico | Turn Your Commerce ON\",\"isPartOf\":{\"@id\":\"https:\\\/\\\/www.onglobal.io\\\/mx\\\/#website\"},\"datePublished\":\"2025-06-13T14:11:22+00:00\",\"dateModified\":\"2026-01-23T15:32:58+00:00\",\"description\":\"Sumate al equipo de Regi\u00f3n Global y form\u00e1 parte de un espacio de crecimiento y desarrollo. Descubr\u00ed las oportunidades con el equipo de rrhh.\",\"breadcrumb\":{\"@id\":\"https:\\\/\\\/www.onglobal.io\\\/mx\\\/rrhh\\\/#breadcrumb\"},\"inLanguage\":\"es\",\"potentialAction\":[{\"@type\":\"ReadAction\",\"target\":[\"https:\\\/\\\/www.onglobal.io\\\/mx\\\/rrhh\\\/\"]}]},{\"@type\":\"BreadcrumbList\",\"@id\":\"https:\\\/\\\/www.onglobal.io\\\/mx\\\/rrhh\\\/#breadcrumb\",\"itemListElement\":[{\"@type\":\"ListItem\",\"position\":1,\"name\":\"Home\",\"item\":\"https:\\\/\\\/www.onglobal.io\\\/mx\\\/\"},{\"@type\":\"ListItem\",\"position\":2,\"name\":\"RRHH\"}]},{\"@type\":\"WebSite\",\"@id\":\"https:\\\/\\\/www.onglobal.io\\\/mx\\\/#website\",\"url\":\"https:\\\/\\\/www.onglobal.io\\\/mx\\\/\",\"name\":\"onGlobal M\u00e9xico | Turn Your Commerce ON\",\"description\":\"Creamos soluciones de comercio electr\u00f3nico con tecnolog\u00edas abiertas y seguras, integradas a tu negocio y listas para evolucionar.\",\"publisher\":{\"@id\":\"https:\\\/\\\/www.onglobal.io\\\/mx\\\/#organization\"},\"alternateName\":\"onGlobal\",\"potentialAction\":[{\"@type\":\"SearchAction\",\"target\":{\"@type\":\"EntryPoint\",\"urlTemplate\":\"https:\\\/\\\/www.onglobal.io\\\/mx\\\/?s={search_term_string}\"},\"query-input\":{\"@type\":\"PropertyValueSpecification\",\"valueRequired\":true,\"valueName\":\"search_term_string\"}}],\"inLanguage\":\"es\"},{\"@type\":\"Organization\",\"@id\":\"https:\\\/\\\/www.onglobal.io\\\/mx\\\/#organization\",\"name\":\"onGlobal M\u00e9xico\",\"url\":\"https:\\\/\\\/www.onglobal.io\\\/mx\\\/\",\"logo\":{\"@type\":\"ImageObject\",\"inLanguage\":\"es\",\"@id\":\"https:\\\/\\\/www.onglobal.io\\\/mx\\\/#\\\/schema\\\/logo\\\/image\\\/\",\"url\":\"https:\\\/\\\/www.onglobal.io\\\/mx\\\/wp-content\\\/uploads\\\/sites\\\/5\\\/2026\\\/02\\\/OnGlobal-opcion1.png\",\"contentUrl\":\"https:\\\/\\\/www.onglobal.io\\\/mx\\\/wp-content\\\/uploads\\\/sites\\\/5\\\/2026\\\/02\\\/OnGlobal-opcion1.png\",\"width\":717,\"height\":547,\"caption\":\"onGlobal M\u00e9xico\"},\"image\":{\"@id\":\"https:\\\/\\\/www.onglobal.io\\\/mx\\\/#\\\/schema\\\/logo\\\/image\\\/\"},\"sameAs\":[\"https:\\\/\\\/www.linkedin.com\\\/company\\\/weareonglobal\"]}]}<\/script>\n<!-- \/ Yoast SEO plugin. -->","yoast_head_json":{"title":"RRHH - onGlobal M\u00e9xico | Turn Your Commerce ON","description":"Sumate al equipo de Regi\u00f3n Global y form\u00e1 parte de un espacio de crecimiento y desarrollo. Descubr\u00ed las oportunidades con el equipo de rrhh.","robots":{"index":"index","follow":"follow","max-snippet":"max-snippet:-1","max-image-preview":"max-image-preview:large","max-video-preview":"max-video-preview:-1"},"canonical":"https:\/\/www.onglobal.io\/mx\/rrhh\/","og_locale":"es_MX","og_type":"article","og_title":"RRHH - onGlobal M\u00e9xico | Turn Your Commerce ON","og_description":"Sumate al equipo de Regi\u00f3n Global y form\u00e1 parte de un espacio de crecimiento y desarrollo. Descubr\u00ed las oportunidades con el equipo de rrhh.","og_url":"https:\/\/www.onglobal.io\/mx\/rrhh\/","og_site_name":"onGlobal M\u00e9xico | Turn Your Commerce ON","article_modified_time":"2026-01-23T15:32:58+00:00","twitter_card":"summary_large_image","twitter_misc":{"Tiempo de lectura":"1 minuto"},"schema":{"@context":"https:\/\/schema.org","@graph":[{"@type":"WebPage","@id":"https:\/\/www.onglobal.io\/mx\/rrhh\/","url":"https:\/\/www.onglobal.io\/mx\/rrhh\/","name":"RRHH - onGlobal M\u00e9xico | Turn Your Commerce ON","isPartOf":{"@id":"https:\/\/www.onglobal.io\/mx\/#website"},"datePublished":"2025-06-13T14:11:22+00:00","dateModified":"2026-01-23T15:32:58+00:00","description":"Sumate al equipo de Regi\u00f3n Global y form\u00e1 parte de un espacio de crecimiento y desarrollo. Descubr\u00ed las oportunidades con el equipo de rrhh.","breadcrumb":{"@id":"https:\/\/www.onglobal.io\/mx\/rrhh\/#breadcrumb"},"inLanguage":"es","potentialAction":[{"@type":"ReadAction","target":["https:\/\/www.onglobal.io\/mx\/rrhh\/"]}]},{"@type":"BreadcrumbList","@id":"https:\/\/www.onglobal.io\/mx\/rrhh\/#breadcrumb","itemListElement":[{"@type":"ListItem","position":1,"name":"Home","item":"https:\/\/www.onglobal.io\/mx\/"},{"@type":"ListItem","position":2,"name":"RRHH"}]},{"@type":"WebSite","@id":"https:\/\/www.onglobal.io\/mx\/#website","url":"https:\/\/www.onglobal.io\/mx\/","name":"onGlobal M\u00e9xico | Turn Your Commerce ON","description":"Creamos soluciones de comercio electr\u00f3nico con tecnolog\u00edas abiertas y seguras, integradas a tu negocio y listas para evolucionar.","publisher":{"@id":"https:\/\/www.onglobal.io\/mx\/#organization"},"alternateName":"onGlobal","potentialAction":[{"@type":"SearchAction","target":{"@type":"EntryPoint","urlTemplate":"https:\/\/www.onglobal.io\/mx\/?s={search_term_string}"},"query-input":{"@type":"PropertyValueSpecification","valueRequired":true,"valueName":"search_term_string"}}],"inLanguage":"es"},{"@type":"Organization","@id":"https:\/\/www.onglobal.io\/mx\/#organization","name":"onGlobal M\u00e9xico","url":"https:\/\/www.onglobal.io\/mx\/","logo":{"@type":"ImageObject","inLanguage":"es","@id":"https:\/\/www.onglobal.io\/mx\/#\/schema\/logo\/image\/","url":"https:\/\/www.onglobal.io\/mx\/wp-content\/uploads\/sites\/5\/2026\/02\/OnGlobal-opcion1.png","contentUrl":"https:\/\/www.onglobal.io\/mx\/wp-content\/uploads\/sites\/5\/2026\/02\/OnGlobal-opcion1.png","width":717,"height":547,"caption":"onGlobal M\u00e9xico"},"image":{"@id":"https:\/\/www.onglobal.io\/mx\/#\/schema\/logo\/image\/"},"sameAs":["https:\/\/www.linkedin.com\/company\/weareonglobal"]}]}},"_links":{"self":[{"href":"https:\/\/www.onglobal.io\/mx\/wp-json\/wp\/v2\/pages\/7343","targetHints":{"allow":["GET"]}}],"collection":[{"href":"https:\/\/www.onglobal.io\/mx\/wp-json\/wp\/v2\/pages"}],"about":[{"href":"https:\/\/www.onglobal.io\/mx\/wp-json\/wp\/v2\/types\/page"}],"author":[{"embeddable":true,"href":"https:\/\/www.onglobal.io\/mx\/wp-json\/wp\/v2\/users\/1"}],"replies":[{"embeddable":true,"href":"https:\/\/www.onglobal.io\/mx\/wp-json\/wp\/v2\/comments?post=7343"}],"version-history":[{"count":106,"href":"https:\/\/www.onglobal.io\/mx\/wp-json\/wp\/v2\/pages\/7343\/revisions"}],"predecessor-version":[{"id":10964,"href":"https:\/\/www.onglobal.io\/mx\/wp-json\/wp\/v2\/pages\/7343\/revisions\/10964"}],"wp:attachment":[{"href":"https:\/\/www.onglobal.io\/mx\/wp-json\/wp\/v2\/media?parent=7343"}],"curies":[{"name":"wp","href":"https:\/\/api.w.org\/{rel}","templated":true}]}}