{"id":7918,"date":"2025-06-17T23:04:15","date_gmt":"2025-06-17T23:04:15","guid":{"rendered":"https:\/\/regionglobal.com\/?page_id=7918"},"modified":"2025-06-17T23:20:26","modified_gmt":"2025-06-17T23:20:26","slug":"region-global-2","status":"publish","type":"page","link":"https:\/\/www.onglobal.io\/mx\/region-global-2\/","title":{"rendered":"Region Global"},"content":{"rendered":"","protected":false},"excerpt":{"rendered":"","protected":false},"author":1,"featured_media":0,"parent":0,"menu_order":0,"comment_status":"closed","ping_status":"closed","template":"","meta":{"_acf_changed":false,"footnotes":""},"class_list":["post-7918","page","type-page","status-publish","hentry"],"acf":[],"yoast_head":"<!-- This site is optimized with the Yoast SEO plugin v27.2 - https:\/\/yoast.com\/product\/yoast-seo-wordpress\/ -->\n<title>Region Global - onGlobal M\u00e9xico | Turn Your Commerce ON<\/title>\n<meta name=\"robots\" content=\"index, follow, max-snippet:-1, max-image-preview:large, max-video-preview:-1\" \/>\n<link rel=\"canonical\" href=\"https:\/\/www.onglobal.io\/mx\/region-global-2\/\" \/>\n<meta property=\"og:locale\" content=\"es_MX\" \/>\n<meta property=\"og:type\" content=\"article\" \/>\n<meta property=\"og:title\" content=\"Region Global - onGlobal M\u00e9xico | Turn Your Commerce ON\" \/>\n<meta property=\"og:url\" content=\"https:\/\/www.onglobal.io\/mx\/region-global-2\/\" \/>\n<meta property=\"og:site_name\" content=\"onGlobal M\u00e9xico | Turn Your Commerce ON\" \/>\n<meta property=\"article:modified_time\" content=\"2025-06-17T23:20:26+00:00\" \/>\n<meta name=\"twitter:card\" content=\"summary_large_image\" \/>\n<script type=\"application\/ld+json\" class=\"yoast-schema-graph\">{\"@context\":\"https:\/\/schema.org\",\"@graph\":[{\"@type\":\"WebPage\",\"@id\":\"https:\/\/www.onglobal.io\/mx\/region-global-2\/\",\"url\":\"https:\/\/www.onglobal.io\/mx\/region-global-2\/\",\"name\":\"Region Global - onGlobal M\u00e9xico | Turn Your Commerce ON\",\"isPartOf\":{\"@id\":\"https:\/\/www.onglobal.io\/mx\/#website\"},\"datePublished\":\"2025-06-17T23:04:15+00:00\",\"dateModified\":\"2025-06-17T23:20:26+00:00\",\"breadcrumb\":{\"@id\":\"https:\/\/www.onglobal.io\/mx\/region-global-2\/#breadcrumb\"},\"inLanguage\":\"es\",\"potentialAction\":[{\"@type\":\"ReadAction\",\"target\":[\"https:\/\/www.onglobal.io\/mx\/region-global-2\/\"]}]},{\"@type\":\"BreadcrumbList\",\"@id\":\"https:\/\/www.onglobal.io\/mx\/region-global-2\/#breadcrumb\",\"itemListElement\":[{\"@type\":\"ListItem\",\"position\":1,\"name\":\"Home\",\"item\":\"https:\/\/www.onglobal.io\/mx\/\"},{\"@type\":\"ListItem\",\"position\":2,\"name\":\"Region Global\"}]},{\"@type\":\"WebSite\",\"@id\":\"https:\/\/www.onglobal.io\/mx\/#website\",\"url\":\"https:\/\/www.onglobal.io\/mx\/\",\"name\":\"onGlobal M\u00e9xico | Turn Your Commerce ON\",\"description\":\"Creamos soluciones de comercio electr\u00f3nico con tecnolog\u00edas abiertas y seguras, integradas a tu negocio y listas para evolucionar.\",\"publisher\":{\"@id\":\"https:\/\/www.onglobal.io\/mx\/#organization\"},\"alternateName\":\"onGlobal\",\"potentialAction\":[{\"@type\":\"SearchAction\",\"target\":{\"@type\":\"EntryPoint\",\"urlTemplate\":\"https:\/\/www.onglobal.io\/mx\/?s={search_term_string}\"},\"query-input\":{\"@type\":\"PropertyValueSpecification\",\"valueRequired\":true,\"valueName\":\"search_term_string\"}}],\"inLanguage\":\"es\"},{\"@type\":\"Organization\",\"@id\":\"https:\/\/www.onglobal.io\/mx\/#organization\",\"name\":\"onGlobal M\u00e9xico\",\"url\":\"https:\/\/www.onglobal.io\/mx\/\",\"logo\":{\"@type\":\"ImageObject\",\"inLanguage\":\"es\",\"@id\":\"https:\/\/www.onglobal.io\/mx\/#\/schema\/logo\/image\/\",\"url\":\"https:\/\/www.onglobal.io\/mx\/wp-content\/uploads\/sites\/5\/2026\/02\/OnGlobal-opcion1.png\",\"contentUrl\":\"https:\/\/www.onglobal.io\/mx\/wp-content\/uploads\/sites\/5\/2026\/02\/OnGlobal-opcion1.png\",\"width\":717,\"height\":547,\"caption\":\"onGlobal M\u00e9xico\"},\"image\":{\"@id\":\"https:\/\/www.onglobal.io\/mx\/#\/schema\/logo\/image\/\"},\"sameAs\":[\"https:\/\/www.linkedin.com\/company\/weareonglobal\"]}]}<\/script>\n<!-- \/ Yoast SEO plugin. -->","yoast_head_json":{"title":"Region Global - onGlobal M\u00e9xico | Turn Your Commerce ON","robots":{"index":"index","follow":"follow","max-snippet":"max-snippet:-1","max-image-preview":"max-image-preview:large","max-video-preview":"max-video-preview:-1"},"canonical":"https:\/\/www.onglobal.io\/mx\/region-global-2\/","og_locale":"es_MX","og_type":"article","og_title":"Region Global - onGlobal M\u00e9xico | Turn Your Commerce ON","og_url":"https:\/\/www.onglobal.io\/mx\/region-global-2\/","og_site_name":"onGlobal M\u00e9xico | Turn Your Commerce ON","article_modified_time":"2025-06-17T23:20:26+00:00","twitter_card":"summary_large_image","schema":{"@context":"https:\/\/schema.org","@graph":[{"@type":"WebPage","@id":"https:\/\/www.onglobal.io\/mx\/region-global-2\/","url":"https:\/\/www.onglobal.io\/mx\/region-global-2\/","name":"Region Global - onGlobal M\u00e9xico | Turn Your Commerce ON","isPartOf":{"@id":"https:\/\/www.onglobal.io\/mx\/#website"},"datePublished":"2025-06-17T23:04:15+00:00","dateModified":"2025-06-17T23:20:26+00:00","breadcrumb":{"@id":"https:\/\/www.onglobal.io\/mx\/region-global-2\/#breadcrumb"},"inLanguage":"es","potentialAction":[{"@type":"ReadAction","target":["https:\/\/www.onglobal.io\/mx\/region-global-2\/"]}]},{"@type":"BreadcrumbList","@id":"https:\/\/www.onglobal.io\/mx\/region-global-2\/#breadcrumb","itemListElement":[{"@type":"ListItem","position":1,"name":"Home","item":"https:\/\/www.onglobal.io\/mx\/"},{"@type":"ListItem","position":2,"name":"Region Global"}]},{"@type":"WebSite","@id":"https:\/\/www.onglobal.io\/mx\/#website","url":"https:\/\/www.onglobal.io\/mx\/","name":"onGlobal M\u00e9xico | Turn Your Commerce ON","description":"Creamos soluciones de comercio electr\u00f3nico con tecnolog\u00edas abiertas y seguras, integradas a tu negocio y listas para evolucionar.","publisher":{"@id":"https:\/\/www.onglobal.io\/mx\/#organization"},"alternateName":"onGlobal","potentialAction":[{"@type":"SearchAction","target":{"@type":"EntryPoint","urlTemplate":"https:\/\/www.onglobal.io\/mx\/?s={search_term_string}"},"query-input":{"@type":"PropertyValueSpecification","valueRequired":true,"valueName":"search_term_string"}}],"inLanguage":"es"},{"@type":"Organization","@id":"https:\/\/www.onglobal.io\/mx\/#organization","name":"onGlobal M\u00e9xico","url":"https:\/\/www.onglobal.io\/mx\/","logo":{"@type":"ImageObject","inLanguage":"es","@id":"https:\/\/www.onglobal.io\/mx\/#\/schema\/logo\/image\/","url":"https:\/\/www.onglobal.io\/mx\/wp-content\/uploads\/sites\/5\/2026\/02\/OnGlobal-opcion1.png","contentUrl":"https:\/\/www.onglobal.io\/mx\/wp-content\/uploads\/sites\/5\/2026\/02\/OnGlobal-opcion1.png","width":717,"height":547,"caption":"onGlobal M\u00e9xico"},"image":{"@id":"https:\/\/www.onglobal.io\/mx\/#\/schema\/logo\/image\/"},"sameAs":["https:\/\/www.linkedin.com\/company\/weareonglobal"]}]}},"_links":{"self":[{"href":"https:\/\/www.onglobal.io\/mx\/wp-json\/wp\/v2\/pages\/7918","targetHints":{"allow":["GET"]}}],"collection":[{"href":"https:\/\/www.onglobal.io\/mx\/wp-json\/wp\/v2\/pages"}],"about":[{"href":"https:\/\/www.onglobal.io\/mx\/wp-json\/wp\/v2\/types\/page"}],"author":[{"embeddable":true,"href":"https:\/\/www.onglobal.io\/mx\/wp-json\/wp\/v2\/users\/1"}],"replies":[{"embeddable":true,"href":"https:\/\/www.onglobal.io\/mx\/wp-json\/wp\/v2\/comments?post=7918"}],"version-history":[{"count":9,"href":"https:\/\/www.onglobal.io\/mx\/wp-json\/wp\/v2\/pages\/7918\/revisions"}],"predecessor-version":[{"id":7927,"href":"https:\/\/www.onglobal.io\/mx\/wp-json\/wp\/v2\/pages\/7918\/revisions\/7927"}],"wp:attachment":[{"href":"https:\/\/www.onglobal.io\/mx\/wp-json\/wp\/v2\/media?parent=7918"}],"curies":[{"name":"wp","href":"https:\/\/api.w.org\/{rel}","templated":true}]}}